{"id":1120,"date":"2022-01-10T10:20:26","date_gmt":"2022-01-10T10:20:26","guid":{"rendered":"https:\/\/soceco.cd\/?page_id=1120"},"modified":"2025-01-30T16:27:24","modified_gmt":"2025-01-30T16:27:24","slug":"news","status":"publish","type":"page","link":"https:\/\/soceco.cd\/en\/news\/","title":{"rendered":"News"},"content":{"rendered":"\n\n\t<section class=\"section\" id=\"section_717988785\">\n\t\t<div class=\"section-bg fill\" >\n\t\t\t\t\t\t\t\t\t\n\t\t\t\n\n\t\t<\/div>\n\n\t\t\n\n\t\t<div class=\"section-content relative\">\n\t\t\t\n\n\t<div id=\"gap-1668804376\" class=\"gap-element clearfix\" style=\"display:block; height:auto;\">\n\t\t\n<style>\n#gap-1668804376 {\n  padding-top: 90px;\n}\n<\/style>\n\t<\/div>\n\t\n\n<div class=\"row\"  id=\"row-1675218112\">\n\n\n\t<div id=\"col-1077570398\" class=\"col small-12 large-12\"  >\n\t\t\t\t<div class=\"col-inner\"  >\n\t\t\t\n\t\t\t\n\n<h5>OUR INDUSTRY OVERVIEW<\/h5>\n<h2>Our News<\/h2>\n\t<div id=\"gap-1640286438\" class=\"gap-element clearfix\" style=\"display:block; height:auto;\">\n\t\t\n<style>\n#gap-1640286438 {\n  padding-top: 35px;\n}\n<\/style>\n\t<\/div>\n\t\n\n\n  \n    <div class=\"row large-columns-3 medium-columns-2 small-columns-1 row-xsmall\" >\n  <\/div>\n\n\n\t\t<\/div>\n\t\t\t\t\t<\/div>\n\n\t\n\n<\/div>\n\t<div id=\"gap-1196085055\" class=\"gap-element clearfix\" style=\"display:block; height:auto;\">\n\t\t\n<style>\n#gap-1196085055 {\n  padding-top: 35px;\n}\n<\/style>\n\t<\/div>\n\t\n\n\n\t\t<\/div>\n\n\t\t\n<style>\n#section_717988785 {\n  padding-top: 0px;\n  padding-bottom: 0px;\n}\n<\/style>\n\t<\/section>\n\t\n\n","protected":false},"excerpt":{"rendered":"","protected":false},"author":2,"featured_media":0,"parent":0,"menu_order":0,"comment_status":"closed","ping_status":"closed","template":"page-blank.php","meta":{"footnotes":""},"class_list":["post-1120","page","type-page","status-publish","hentry"],"yoast_head":"<!-- This site is optimized with the Yoast SEO plugin v26.2 - https:\/\/yoast.com\/wordpress\/plugins\/seo\/ -->\n<title>News - Soci\u00e9t\u00e9 \u00c9cologique Congolaise<\/title>\n<meta name=\"robots\" content=\"index, follow, max-snippet:-1, max-image-preview:large, max-video-preview:-1\" \/>\n<link rel=\"canonical\" href=\"https:\/\/soceco.cd\/en\/news\/\" \/>\n<meta property=\"og:locale\" content=\"en_US\" \/>\n<meta property=\"og:type\" content=\"article\" \/>\n<meta property=\"og:title\" content=\"News - Soci\u00e9t\u00e9 \u00c9cologique Congolaise\" \/>\n<meta property=\"og:url\" content=\"https:\/\/soceco.cd\/en\/news\/\" \/>\n<meta property=\"og:site_name\" content=\"Soci\u00e9t\u00e9 \u00c9cologique Congolaise\" \/>\n<meta property=\"article:modified_time\" content=\"2025-01-30T16:27:24+00:00\" \/>\n<meta name=\"twitter:card\" content=\"summary_large_image\" \/>\n<meta name=\"twitter:label1\" content=\"Est. reading time\" \/>\n\t<meta name=\"twitter:data1\" content=\"1 minute\" \/>\n<script type=\"application\/ld+json\" class=\"yoast-schema-graph\">{\"@context\":\"https:\/\/schema.org\",\"@graph\":[{\"@type\":\"WebPage\",\"@id\":\"https:\/\/soceco.cd\/en\/news\/\",\"url\":\"https:\/\/soceco.cd\/en\/news\/\",\"name\":\"News - Soci\u00e9t\u00e9 \u00c9cologique Congolaise\",\"isPartOf\":{\"@id\":\"http:\/\/soceco.cd\/#website\"},\"datePublished\":\"2022-01-10T10:20:26+00:00\",\"dateModified\":\"2025-01-30T16:27:24+00:00\",\"breadcrumb\":{\"@id\":\"https:\/\/soceco.cd\/en\/news\/#breadcrumb\"},\"inLanguage\":\"en-US\",\"potentialAction\":[{\"@type\":\"ReadAction\",\"target\":[\"https:\/\/soceco.cd\/en\/news\/\"]}]},{\"@type\":\"BreadcrumbList\",\"@id\":\"https:\/\/soceco.cd\/en\/news\/#breadcrumb\",\"itemListElement\":[{\"@type\":\"ListItem\",\"position\":1,\"name\":\"Home\",\"item\":\"https:\/\/soceco.cd\/en\/\"},{\"@type\":\"ListItem\",\"position\":2,\"name\":\"News\"}]},{\"@type\":\"WebSite\",\"@id\":\"http:\/\/soceco.cd\/#website\",\"url\":\"http:\/\/soceco.cd\/\",\"name\":\"Soci\u00e9t\u00e9 \u00c9ecologique Congolaise\",\"description\":\"Prenez soin de votre ville. Recycler\",\"publisher\":{\"@id\":\"http:\/\/soceco.cd\/#organization\"},\"potentialAction\":[{\"@type\":\"SearchAction\",\"target\":{\"@type\":\"EntryPoint\",\"urlTemplate\":\"http:\/\/soceco.cd\/?s={search_term_string}\"},\"query-input\":{\"@type\":\"PropertyValueSpecification\",\"valueRequired\":true,\"valueName\":\"search_term_string\"}}],\"inLanguage\":\"en-US\"},{\"@type\":\"Organization\",\"@id\":\"http:\/\/soceco.cd\/#organization\",\"name\":\"Soci\u00e9t\u00e9 \u00c9cologique Congolaise\",\"url\":\"http:\/\/soceco.cd\/\",\"logo\":{\"@type\":\"ImageObject\",\"inLanguage\":\"en-US\",\"@id\":\"http:\/\/soceco.cd\/#\/schema\/logo\/image\/\",\"url\":\"http:\/\/soceco.cd\/wp-content\/uploads\/2024\/06\/Eneco-logo-for-web.png\",\"contentUrl\":\"http:\/\/soceco.cd\/wp-content\/uploads\/2024\/06\/Eneco-logo-for-web.png\",\"width\":1500,\"height\":400,\"caption\":\"Soci\u00e9t\u00e9 \u00c9cologique Congolaise\"},\"image\":{\"@id\":\"http:\/\/soceco.cd\/#\/schema\/logo\/image\/\"}}]}<\/script>\n<!-- \/ Yoast SEO plugin. -->","yoast_head_json":{"title":"News - Soci\u00e9t\u00e9 \u00c9cologique Congolaise","robots":{"index":"index","follow":"follow","max-snippet":"max-snippet:-1","max-image-preview":"max-image-preview:large","max-video-preview":"max-video-preview:-1"},"canonical":"https:\/\/soceco.cd\/en\/news\/","og_locale":"en_US","og_type":"article","og_title":"News - Soci\u00e9t\u00e9 \u00c9cologique Congolaise","og_url":"https:\/\/soceco.cd\/en\/news\/","og_site_name":"Soci\u00e9t\u00e9 \u00c9cologique Congolaise","article_modified_time":"2025-01-30T16:27:24+00:00","twitter_card":"summary_large_image","twitter_misc":{"Est. reading time":"1 minute"},"schema":{"@context":"https:\/\/schema.org","@graph":[{"@type":"WebPage","@id":"https:\/\/soceco.cd\/en\/news\/","url":"https:\/\/soceco.cd\/en\/news\/","name":"News - Soci\u00e9t\u00e9 \u00c9cologique Congolaise","isPartOf":{"@id":"http:\/\/soceco.cd\/#website"},"datePublished":"2022-01-10T10:20:26+00:00","dateModified":"2025-01-30T16:27:24+00:00","breadcrumb":{"@id":"https:\/\/soceco.cd\/en\/news\/#breadcrumb"},"inLanguage":"en-US","potentialAction":[{"@type":"ReadAction","target":["https:\/\/soceco.cd\/en\/news\/"]}]},{"@type":"BreadcrumbList","@id":"https:\/\/soceco.cd\/en\/news\/#breadcrumb","itemListElement":[{"@type":"ListItem","position":1,"name":"Home","item":"https:\/\/soceco.cd\/en\/"},{"@type":"ListItem","position":2,"name":"News"}]},{"@type":"WebSite","@id":"http:\/\/soceco.cd\/#website","url":"http:\/\/soceco.cd\/","name":"Soci\u00e9t\u00e9 \u00c9ecologique Congolaise","description":"Prenez soin de votre ville. Recycler","publisher":{"@id":"http:\/\/soceco.cd\/#organization"},"potentialAction":[{"@type":"SearchAction","target":{"@type":"EntryPoint","urlTemplate":"http:\/\/soceco.cd\/?s={search_term_string}"},"query-input":{"@type":"PropertyValueSpecification","valueRequired":true,"valueName":"search_term_string"}}],"inLanguage":"en-US"},{"@type":"Organization","@id":"http:\/\/soceco.cd\/#organization","name":"Soci\u00e9t\u00e9 \u00c9cologique Congolaise","url":"http:\/\/soceco.cd\/","logo":{"@type":"ImageObject","inLanguage":"en-US","@id":"http:\/\/soceco.cd\/#\/schema\/logo\/image\/","url":"http:\/\/soceco.cd\/wp-content\/uploads\/2024\/06\/Eneco-logo-for-web.png","contentUrl":"http:\/\/soceco.cd\/wp-content\/uploads\/2024\/06\/Eneco-logo-for-web.png","width":1500,"height":400,"caption":"Soci\u00e9t\u00e9 \u00c9cologique Congolaise"},"image":{"@id":"http:\/\/soceco.cd\/#\/schema\/logo\/image\/"}}]}},"_links":{"self":[{"href":"https:\/\/soceco.cd\/en\/wp-json\/wp\/v2\/pages\/1120","targetHints":{"allow":["GET"]}}],"collection":[{"href":"https:\/\/soceco.cd\/en\/wp-json\/wp\/v2\/pages"}],"about":[{"href":"https:\/\/soceco.cd\/en\/wp-json\/wp\/v2\/types\/page"}],"author":[{"embeddable":true,"href":"https:\/\/soceco.cd\/en\/wp-json\/wp\/v2\/users\/2"}],"replies":[{"embeddable":true,"href":"https:\/\/soceco.cd\/en\/wp-json\/wp\/v2\/comments?post=1120"}],"version-history":[{"count":2,"href":"https:\/\/soceco.cd\/en\/wp-json\/wp\/v2\/pages\/1120\/revisions"}],"predecessor-version":[{"id":1122,"href":"https:\/\/soceco.cd\/en\/wp-json\/wp\/v2\/pages\/1120\/revisions\/1122"}],"wp:attachment":[{"href":"https:\/\/soceco.cd\/en\/wp-json\/wp\/v2\/media?parent=1120"}],"curies":[{"name":"wp","href":"https:\/\/api.w.org\/{rel}","templated":true}]}}